{"id":586,"date":"2024-10-20T15:51:49","date_gmt":"2024-10-20T13:51:49","guid":{"rendered":"https:\/\/www.lappstar.com\/?page_id=586"},"modified":"2024-10-20T16:11:14","modified_gmt":"2024-10-20T16:11:14","slug":"prestashop-click-collect-drive-lockers-retrait-en-magasin","status":"publish","type":"page","link":"https:\/\/www.lappstar.com\/en\/documentation\/modules-prestashop\/prestashop-click-collect-drive-lockers-retrait-en-magasin\/","title":{"rendered":"Prestashop Click &amp; Collect &#8211; Drive &#8211; Lockers | Retrait en magasin"},"content":{"rendered":"","protected":false},"excerpt":{"rendered":"","protected":false},"author":1,"featured_media":0,"parent":495,"menu_order":0,"comment_status":"closed","ping_status":"closed","template":"","meta":{"footnotes":""},"class_list":["post-586","page","type-page","status-publish","hentry"],"yoast_head":"<!-- This site is optimized with the Yoast SEO plugin v26.9 - https:\/\/yoast.com\/product\/yoast-seo-wordpress\/ -->\n<title>Prestashop Click &amp; Collect - Drive - Lockers | Retrait en magasin - Lappstar |\u00a0Sp\u00e9cialiste Prestashop et WordPress, Lappstar cr\u00e9e des solutions web personnalis\u00e9es : modules, sites e-commerce, vitrine ou connecteurs CRM.<\/title>\n<meta name=\"robots\" content=\"index, follow, max-snippet:-1, max-image-preview:large, max-video-preview:-1\" \/>\n<link rel=\"canonical\" href=\"https:\/\/www.lappstar.com\/en\/documentation\/modules-prestashop\/prestashop-click-collect-drive-lockers-retrait-en-magasin\/\" \/>\n<meta property=\"og:locale\" content=\"en_GB\" \/>\n<meta property=\"og:type\" content=\"article\" \/>\n<meta property=\"og:title\" content=\"Prestashop Click &amp; Collect - Drive - Lockers | Retrait en magasin - Lappstar |\u00a0Sp\u00e9cialiste Prestashop et WordPress, Lappstar cr\u00e9e des solutions web personnalis\u00e9es : modules, sites e-commerce, vitrine ou connecteurs CRM.\" \/>\n<meta property=\"og:url\" content=\"https:\/\/www.lappstar.com\/en\/documentation\/modules-prestashop\/prestashop-click-collect-drive-lockers-retrait-en-magasin\/\" \/>\n<meta property=\"og:site_name\" content=\"Lappstar |\u00a0Sp\u00e9cialiste Prestashop et WordPress, Lappstar cr\u00e9e des solutions web personnalis\u00e9es : modules, sites e-commerce, vitrine ou connecteurs CRM.\" \/>\n<meta property=\"article:modified_time\" content=\"2024-10-20T16:11:14+00:00\" \/>\n<meta name=\"twitter:card\" content=\"summary_large_image\" \/>\n<script type=\"application\/ld+json\" class=\"yoast-schema-graph\">{\"@context\":\"https:\/\/schema.org\",\"@graph\":[{\"@type\":\"WebPage\",\"@id\":\"https:\/\/www.lappstar.com\/en\/documentation\/modules-prestashop\/prestashop-click-collect-drive-lockers-retrait-en-magasin\/\",\"url\":\"https:\/\/www.lappstar.com\/en\/documentation\/modules-prestashop\/prestashop-click-collect-drive-lockers-retrait-en-magasin\/\",\"name\":\"Prestashop Click &amp; Collect - Drive - Lockers | Retrait en magasin - Lappstar |\u00a0Sp\u00e9cialiste Prestashop et WordPress, Lappstar cr\u00e9e des solutions web personnalis\u00e9es : modules, sites e-commerce, vitrine ou connecteurs CRM.\",\"isPartOf\":{\"@id\":\"https:\/\/www.lappstar.com\/#website\"},\"datePublished\":\"2024-10-20T13:51:49+00:00\",\"dateModified\":\"2024-10-20T16:11:14+00:00\",\"breadcrumb\":{\"@id\":\"https:\/\/www.lappstar.com\/en\/documentation\/modules-prestashop\/prestashop-click-collect-drive-lockers-retrait-en-magasin\/#breadcrumb\"},\"inLanguage\":\"en-GB\",\"potentialAction\":[{\"@type\":\"ReadAction\",\"target\":[\"https:\/\/www.lappstar.com\/en\/documentation\/modules-prestashop\/prestashop-click-collect-drive-lockers-retrait-en-magasin\/\"]}]},{\"@type\":\"BreadcrumbList\",\"@id\":\"https:\/\/www.lappstar.com\/en\/documentation\/modules-prestashop\/prestashop-click-collect-drive-lockers-retrait-en-magasin\/#breadcrumb\",\"itemListElement\":[{\"@type\":\"ListItem\",\"position\":1,\"name\":\"Home\",\"item\":\"https:\/\/www.lappstar.com\/\"},{\"@type\":\"ListItem\",\"position\":2,\"name\":\"Documentation\",\"item\":\"https:\/\/www.lappstar.com\/documentation\/\"},{\"@type\":\"ListItem\",\"position\":3,\"name\":\"Modules Prestashop\",\"item\":\"https:\/\/www.lappstar.com\/documentation\/modules-prestashop\/\"},{\"@type\":\"ListItem\",\"position\":4,\"name\":\"Prestashop Click &amp; Collect &#8211; Drive &#8211; Lockers | Retrait en magasin\"}]},{\"@type\":\"WebSite\",\"@id\":\"https:\/\/www.lappstar.com\/#website\",\"url\":\"https:\/\/www.lappstar.com\/\",\"name\":\"Sp\u00e9cialiste Prestashop & WordPress \u2013 D\u00e9veloppement sur-mesure\",\"description\":\"\",\"publisher\":{\"@id\":\"https:\/\/www.lappstar.com\/#organization\"},\"potentialAction\":[{\"@type\":\"SearchAction\",\"target\":{\"@type\":\"EntryPoint\",\"urlTemplate\":\"https:\/\/www.lappstar.com\/?s={search_term_string}\"},\"query-input\":{\"@type\":\"PropertyValueSpecification\",\"valueRequired\":true,\"valueName\":\"search_term_string\"}}],\"inLanguage\":\"en-GB\"},{\"@type\":\"Organization\",\"@id\":\"https:\/\/www.lappstar.com\/#organization\",\"name\":\"Lappstar\",\"url\":\"https:\/\/www.lappstar.com\/\",\"logo\":{\"@type\":\"ImageObject\",\"inLanguage\":\"en-GB\",\"@id\":\"https:\/\/www.lappstar.com\/#\/schema\/logo\/image\/\",\"url\":\"https:\/\/www.lappstar.com\/wp-content\/uploads\/2023\/05\/logo-lappstar-ori.png\",\"contentUrl\":\"https:\/\/www.lappstar.com\/wp-content\/uploads\/2023\/05\/logo-lappstar-ori.png\",\"width\":250,\"height\":78,\"caption\":\"Lappstar\"},\"image\":{\"@id\":\"https:\/\/www.lappstar.com\/#\/schema\/logo\/image\/\"}}]}<\/script>\n<!-- \/ Yoast SEO plugin. -->","yoast_head_json":{"title":"Prestashop Click &amp; Collect - Drive - Lockers | Retrait en magasin - Lappstar |\u00a0Sp\u00e9cialiste Prestashop et WordPress, Lappstar cr\u00e9e des solutions web personnalis\u00e9es : modules, sites e-commerce, vitrine ou connecteurs CRM.","robots":{"index":"index","follow":"follow","max-snippet":"max-snippet:-1","max-image-preview":"max-image-preview:large","max-video-preview":"max-video-preview:-1"},"canonical":"https:\/\/www.lappstar.com\/en\/documentation\/modules-prestashop\/prestashop-click-collect-drive-lockers-retrait-en-magasin\/","og_locale":"en_GB","og_type":"article","og_title":"Prestashop Click &amp; Collect - Drive - Lockers | Retrait en magasin - Lappstar |\u00a0Sp\u00e9cialiste Prestashop et WordPress, Lappstar cr\u00e9e des solutions web personnalis\u00e9es : modules, sites e-commerce, vitrine ou connecteurs CRM.","og_url":"https:\/\/www.lappstar.com\/en\/documentation\/modules-prestashop\/prestashop-click-collect-drive-lockers-retrait-en-magasin\/","og_site_name":"Lappstar |\u00a0Sp\u00e9cialiste Prestashop et WordPress, Lappstar cr\u00e9e des solutions web personnalis\u00e9es : modules, sites e-commerce, vitrine ou connecteurs CRM.","article_modified_time":"2024-10-20T16:11:14+00:00","twitter_card":"summary_large_image","schema":{"@context":"https:\/\/schema.org","@graph":[{"@type":"WebPage","@id":"https:\/\/www.lappstar.com\/en\/documentation\/modules-prestashop\/prestashop-click-collect-drive-lockers-retrait-en-magasin\/","url":"https:\/\/www.lappstar.com\/en\/documentation\/modules-prestashop\/prestashop-click-collect-drive-lockers-retrait-en-magasin\/","name":"Prestashop Click &amp; Collect - Drive - Lockers | Retrait en magasin - Lappstar |\u00a0Sp\u00e9cialiste Prestashop et WordPress, Lappstar cr\u00e9e des solutions web personnalis\u00e9es : modules, sites e-commerce, vitrine ou connecteurs CRM.","isPartOf":{"@id":"https:\/\/www.lappstar.com\/#website"},"datePublished":"2024-10-20T13:51:49+00:00","dateModified":"2024-10-20T16:11:14+00:00","breadcrumb":{"@id":"https:\/\/www.lappstar.com\/en\/documentation\/modules-prestashop\/prestashop-click-collect-drive-lockers-retrait-en-magasin\/#breadcrumb"},"inLanguage":"en-GB","potentialAction":[{"@type":"ReadAction","target":["https:\/\/www.lappstar.com\/en\/documentation\/modules-prestashop\/prestashop-click-collect-drive-lockers-retrait-en-magasin\/"]}]},{"@type":"BreadcrumbList","@id":"https:\/\/www.lappstar.com\/en\/documentation\/modules-prestashop\/prestashop-click-collect-drive-lockers-retrait-en-magasin\/#breadcrumb","itemListElement":[{"@type":"ListItem","position":1,"name":"Home","item":"https:\/\/www.lappstar.com\/"},{"@type":"ListItem","position":2,"name":"Documentation","item":"https:\/\/www.lappstar.com\/documentation\/"},{"@type":"ListItem","position":3,"name":"Modules Prestashop","item":"https:\/\/www.lappstar.com\/documentation\/modules-prestashop\/"},{"@type":"ListItem","position":4,"name":"Prestashop Click &amp; Collect &#8211; Drive &#8211; Lockers | Retrait en magasin"}]},{"@type":"WebSite","@id":"https:\/\/www.lappstar.com\/#website","url":"https:\/\/www.lappstar.com\/","name":"Sp\u00e9cialiste Prestashop & WordPress \u2013 D\u00e9veloppement sur-mesure","description":"","publisher":{"@id":"https:\/\/www.lappstar.com\/#organization"},"potentialAction":[{"@type":"SearchAction","target":{"@type":"EntryPoint","urlTemplate":"https:\/\/www.lappstar.com\/?s={search_term_string}"},"query-input":{"@type":"PropertyValueSpecification","valueRequired":true,"valueName":"search_term_string"}}],"inLanguage":"en-GB"},{"@type":"Organization","@id":"https:\/\/www.lappstar.com\/#organization","name":"Lappstar","url":"https:\/\/www.lappstar.com\/","logo":{"@type":"ImageObject","inLanguage":"en-GB","@id":"https:\/\/www.lappstar.com\/#\/schema\/logo\/image\/","url":"https:\/\/www.lappstar.com\/wp-content\/uploads\/2023\/05\/logo-lappstar-ori.png","contentUrl":"https:\/\/www.lappstar.com\/wp-content\/uploads\/2023\/05\/logo-lappstar-ori.png","width":250,"height":78,"caption":"Lappstar"},"image":{"@id":"https:\/\/www.lappstar.com\/#\/schema\/logo\/image\/"}}]}},"_links":{"self":[{"href":"https:\/\/www.lappstar.com\/en\/wp-json\/wp\/v2\/pages\/586","targetHints":{"allow":["GET"]}}],"collection":[{"href":"https:\/\/www.lappstar.com\/en\/wp-json\/wp\/v2\/pages"}],"about":[{"href":"https:\/\/www.lappstar.com\/en\/wp-json\/wp\/v2\/types\/page"}],"author":[{"embeddable":true,"href":"https:\/\/www.lappstar.com\/en\/wp-json\/wp\/v2\/users\/1"}],"replies":[{"embeddable":true,"href":"https:\/\/www.lappstar.com\/en\/wp-json\/wp\/v2\/comments?post=586"}],"version-history":[{"count":1,"href":"https:\/\/www.lappstar.com\/en\/wp-json\/wp\/v2\/pages\/586\/revisions"}],"predecessor-version":[{"id":587,"href":"https:\/\/www.lappstar.com\/en\/wp-json\/wp\/v2\/pages\/586\/revisions\/587"}],"up":[{"embeddable":true,"href":"https:\/\/www.lappstar.com\/en\/wp-json\/wp\/v2\/pages\/495"}],"wp:attachment":[{"href":"https:\/\/www.lappstar.com\/en\/wp-json\/wp\/v2\/media?parent=586"}],"curies":[{"name":"wp","href":"https:\/\/api.w.org\/{rel}","templated":true}]}}