{"id":9,"date":"2022-08-11T10:42:07","date_gmt":"2022-08-11T10:42:07","guid":{"rendered":"https:\/\/lappstar.com\/?page_id=9"},"modified":"2025-06-06T23:20:06","modified_gmt":"2025-06-06T21:20:06","slug":"home","status":"publish","type":"page","link":"https:\/\/www.lappstar.com\/en\/","title":{"rendered":"Accueil"},"content":{"rendered":"","protected":false},"excerpt":{"rendered":"","protected":false},"author":1,"featured_media":0,"parent":0,"menu_order":0,"comment_status":"open","ping_status":"closed","template":"","meta":{"footnotes":""},"class_list":["post-9","page","type-page","status-publish","hentry"],"yoast_head":"<!-- This site is optimized with the Yoast SEO plugin v26.9 - https:\/\/yoast.com\/product\/yoast-seo-wordpress\/ -->\n<title>D\u00e9veloppement e-commerce Prestashop, Shopify, WooCommerce \u2013 Solutions sur mesure<\/title>\n<meta name=\"description\" content=\"D\u00e9veloppeur e-commerce freelance sp\u00e9cialis\u00e9 Prestashop, Shopify et WooCommerce. Cr\u00e9ation, refonte, migration et d\u00e9veloppement sur mesure pour boutiques performantes.\" \/>\n<meta name=\"robots\" content=\"index, follow, max-snippet:-1, max-image-preview:large, max-video-preview:-1\" \/>\n<link rel=\"canonical\" href=\"https:\/\/www.lappstar.com\/en\/\" \/>\n<meta property=\"og:locale\" content=\"en_GB\" \/>\n<meta property=\"og:type\" content=\"article\" \/>\n<meta property=\"og:title\" content=\"D\u00e9veloppement e-commerce Prestashop, Shopify, WooCommerce \u2013 Solutions sur mesure\" \/>\n<meta property=\"og:description\" content=\"D\u00e9veloppeur e-commerce freelance sp\u00e9cialis\u00e9 Prestashop, Shopify et WooCommerce. Cr\u00e9ation, refonte, migration et d\u00e9veloppement sur mesure pour boutiques performantes.\" \/>\n<meta property=\"og:url\" content=\"https:\/\/www.lappstar.com\/en\/\" \/>\n<meta property=\"og:site_name\" content=\"Lappstar |\u00a0Sp\u00e9cialiste Prestashop et WordPress, Lappstar cr\u00e9e des solutions web personnalis\u00e9es : modules, sites e-commerce, vitrine ou connecteurs CRM.\" \/>\n<meta property=\"article:modified_time\" content=\"2025-06-06T21:20:06+00:00\" \/>\n<meta name=\"twitter:card\" content=\"summary_large_image\" \/>\n<script type=\"application\/ld+json\" class=\"yoast-schema-graph\">{\"@context\":\"https:\/\/schema.org\",\"@graph\":[{\"@type\":\"WebPage\",\"@id\":\"https:\/\/www.lappstar.com\/\",\"url\":\"https:\/\/www.lappstar.com\/\",\"name\":\"D\u00e9veloppement e-commerce Prestashop, Shopify, WooCommerce \u2013 Solutions sur mesure\",\"isPartOf\":{\"@id\":\"https:\/\/www.lappstar.com\/#website\"},\"datePublished\":\"2022-08-11T10:42:07+00:00\",\"dateModified\":\"2025-06-06T21:20:06+00:00\",\"description\":\"D\u00e9veloppeur e-commerce freelance sp\u00e9cialis\u00e9 Prestashop, Shopify et WooCommerce. Cr\u00e9ation, refonte, migration et d\u00e9veloppement sur mesure pour boutiques performantes.\",\"breadcrumb\":{\"@id\":\"https:\/\/www.lappstar.com\/#breadcrumb\"},\"inLanguage\":\"en-GB\",\"potentialAction\":[{\"@type\":\"ReadAction\",\"target\":[\"https:\/\/www.lappstar.com\/\"]}]},{\"@type\":\"BreadcrumbList\",\"@id\":\"https:\/\/www.lappstar.com\/#breadcrumb\",\"itemListElement\":[{\"@type\":\"ListItem\",\"position\":1,\"name\":\"Home\",\"item\":\"https:\/\/www.lappstar.com\/\"},{\"@type\":\"ListItem\",\"position\":2,\"name\":\"Accueil\"}]},{\"@type\":\"WebSite\",\"@id\":\"https:\/\/www.lappstar.com\/#website\",\"url\":\"https:\/\/www.lappstar.com\/\",\"name\":\"Sp\u00e9cialiste Prestashop & WordPress \u2013 D\u00e9veloppement sur-mesure\",\"description\":\"\",\"publisher\":{\"@id\":\"https:\/\/www.lappstar.com\/#organization\"},\"potentialAction\":[{\"@type\":\"SearchAction\",\"target\":{\"@type\":\"EntryPoint\",\"urlTemplate\":\"https:\/\/www.lappstar.com\/?s={search_term_string}\"},\"query-input\":{\"@type\":\"PropertyValueSpecification\",\"valueRequired\":true,\"valueName\":\"search_term_string\"}}],\"inLanguage\":\"en-GB\"},{\"@type\":\"Organization\",\"@id\":\"https:\/\/www.lappstar.com\/#organization\",\"name\":\"Lappstar\",\"url\":\"https:\/\/www.lappstar.com\/\",\"logo\":{\"@type\":\"ImageObject\",\"inLanguage\":\"en-GB\",\"@id\":\"https:\/\/www.lappstar.com\/#\/schema\/logo\/image\/\",\"url\":\"https:\/\/www.lappstar.com\/wp-content\/uploads\/2023\/05\/logo-lappstar-ori.png\",\"contentUrl\":\"https:\/\/www.lappstar.com\/wp-content\/uploads\/2023\/05\/logo-lappstar-ori.png\",\"width\":250,\"height\":78,\"caption\":\"Lappstar\"},\"image\":{\"@id\":\"https:\/\/www.lappstar.com\/#\/schema\/logo\/image\/\"}}]}<\/script>\n<!-- \/ Yoast SEO plugin. -->","yoast_head_json":{"title":"D\u00e9veloppement e-commerce Prestashop, Shopify, WooCommerce \u2013 Solutions sur mesure","description":"D\u00e9veloppeur e-commerce freelance sp\u00e9cialis\u00e9 Prestashop, Shopify et WooCommerce. Cr\u00e9ation, refonte, migration et d\u00e9veloppement sur mesure pour boutiques performantes.","robots":{"index":"index","follow":"follow","max-snippet":"max-snippet:-1","max-image-preview":"max-image-preview:large","max-video-preview":"max-video-preview:-1"},"canonical":"https:\/\/www.lappstar.com\/en\/","og_locale":"en_GB","og_type":"article","og_title":"D\u00e9veloppement e-commerce Prestashop, Shopify, WooCommerce \u2013 Solutions sur mesure","og_description":"D\u00e9veloppeur e-commerce freelance sp\u00e9cialis\u00e9 Prestashop, Shopify et WooCommerce. Cr\u00e9ation, refonte, migration et d\u00e9veloppement sur mesure pour boutiques performantes.","og_url":"https:\/\/www.lappstar.com\/en\/","og_site_name":"Lappstar |\u00a0Sp\u00e9cialiste Prestashop et WordPress, Lappstar cr\u00e9e des solutions web personnalis\u00e9es : modules, sites e-commerce, vitrine ou connecteurs CRM.","article_modified_time":"2025-06-06T21:20:06+00:00","twitter_card":"summary_large_image","schema":{"@context":"https:\/\/schema.org","@graph":[{"@type":"WebPage","@id":"https:\/\/www.lappstar.com\/","url":"https:\/\/www.lappstar.com\/","name":"D\u00e9veloppement e-commerce Prestashop, Shopify, WooCommerce \u2013 Solutions sur mesure","isPartOf":{"@id":"https:\/\/www.lappstar.com\/#website"},"datePublished":"2022-08-11T10:42:07+00:00","dateModified":"2025-06-06T21:20:06+00:00","description":"D\u00e9veloppeur e-commerce freelance sp\u00e9cialis\u00e9 Prestashop, Shopify et WooCommerce. Cr\u00e9ation, refonte, migration et d\u00e9veloppement sur mesure pour boutiques performantes.","breadcrumb":{"@id":"https:\/\/www.lappstar.com\/#breadcrumb"},"inLanguage":"en-GB","potentialAction":[{"@type":"ReadAction","target":["https:\/\/www.lappstar.com\/"]}]},{"@type":"BreadcrumbList","@id":"https:\/\/www.lappstar.com\/#breadcrumb","itemListElement":[{"@type":"ListItem","position":1,"name":"Home","item":"https:\/\/www.lappstar.com\/"},{"@type":"ListItem","position":2,"name":"Accueil"}]},{"@type":"WebSite","@id":"https:\/\/www.lappstar.com\/#website","url":"https:\/\/www.lappstar.com\/","name":"Sp\u00e9cialiste Prestashop & WordPress \u2013 D\u00e9veloppement sur-mesure","description":"","publisher":{"@id":"https:\/\/www.lappstar.com\/#organization"},"potentialAction":[{"@type":"SearchAction","target":{"@type":"EntryPoint","urlTemplate":"https:\/\/www.lappstar.com\/?s={search_term_string}"},"query-input":{"@type":"PropertyValueSpecification","valueRequired":true,"valueName":"search_term_string"}}],"inLanguage":"en-GB"},{"@type":"Organization","@id":"https:\/\/www.lappstar.com\/#organization","name":"Lappstar","url":"https:\/\/www.lappstar.com\/","logo":{"@type":"ImageObject","inLanguage":"en-GB","@id":"https:\/\/www.lappstar.com\/#\/schema\/logo\/image\/","url":"https:\/\/www.lappstar.com\/wp-content\/uploads\/2023\/05\/logo-lappstar-ori.png","contentUrl":"https:\/\/www.lappstar.com\/wp-content\/uploads\/2023\/05\/logo-lappstar-ori.png","width":250,"height":78,"caption":"Lappstar"},"image":{"@id":"https:\/\/www.lappstar.com\/#\/schema\/logo\/image\/"}}]}},"_links":{"self":[{"href":"https:\/\/www.lappstar.com\/en\/wp-json\/wp\/v2\/pages\/9","targetHints":{"allow":["GET"]}}],"collection":[{"href":"https:\/\/www.lappstar.com\/en\/wp-json\/wp\/v2\/pages"}],"about":[{"href":"https:\/\/www.lappstar.com\/en\/wp-json\/wp\/v2\/types\/page"}],"author":[{"embeddable":true,"href":"https:\/\/www.lappstar.com\/en\/wp-json\/wp\/v2\/users\/1"}],"replies":[{"embeddable":true,"href":"https:\/\/www.lappstar.com\/en\/wp-json\/wp\/v2\/comments?post=9"}],"version-history":[{"count":1,"href":"https:\/\/www.lappstar.com\/en\/wp-json\/wp\/v2\/pages\/9\/revisions"}],"predecessor-version":[{"id":454,"href":"https:\/\/www.lappstar.com\/en\/wp-json\/wp\/v2\/pages\/9\/revisions\/454"}],"wp:attachment":[{"href":"https:\/\/www.lappstar.com\/en\/wp-json\/wp\/v2\/media?parent=9"}],"curies":[{"name":"wp","href":"https:\/\/api.w.org\/{rel}","templated":true}]}}