{"id":540,"date":"2024-04-23T17:29:11","date_gmt":"2024-04-23T15:29:11","guid":{"rendered":"https:\/\/www.lappstar.com\/?post_type=product&#038;p=540"},"modified":"2026-03-07T06:47:46","modified_gmt":"2026-03-07T05:47:46","slug":"module-attributs-declinaisons-prestashop","status":"publish","type":"product","link":"https:\/\/www.lappstar.com\/en\/product\/module-attributs-declinaisons-prestashop\/","title":{"rendered":"Management of product variation attributes on Prestashop"},"content":{"rendered":"<h2>\ud83e\udde9 <strong>En bref<\/strong><\/h2>\n<p>G\u00e9rez les <strong>attributs de vos d\u00e9clinaisons produits<\/strong> en toute simplicit\u00e9, sans avoir \u00e0 repartir de z\u00e9ro. <strong>\u00c9conomisez un temps pr\u00e9cieux<\/strong> et gardez un catalogue organis\u00e9 et coh\u00e9rent.<\/p>\n<h2>\ud83d\udee0\ufe0f <strong>Description<\/strong><\/h2>\n<p>Ce <strong>module Prestashop<\/strong> offre une <strong>gestion intelligente et rapide des attributs produits<\/strong>. <strong>Modifiez, enrichissez ou ajustez vos d\u00e9clinaisons existantes sans avoir \u00e0 les supprimer ou les recr\u00e9er<\/strong>. Il s&rsquo;agit d&rsquo;une solution id\u00e9ale pour les e-commer\u00e7ants qui veulent gagner en efficacit\u00e9 et conserver un catalogue produit parfaitement structur\u00e9.<\/p>\n<h2>\u2705 <strong>Avantages cl\u00e9s<\/strong><\/h2>\n<ul>\n<li>Gestion simplifi\u00e9e des d\u00e9clinaisons produits<\/li>\n<li>Gain de temps significatif lors des mises \u00e0 jour<\/li>\n<li>Catalogue toujours \u00e0 jour, sans doublons ni manipulations inutiles<\/li>\n<li>Contr\u00f4le total sur les attributs et variations<\/li>\n<\/ul>\n<h2>\u2699\ufe0f <strong>Fonctionnalit\u00e9s principales<\/strong><\/h2>\n<ul>\n<li>Ajouter un ou plusieurs attributs \u00e0 des <strong>d\u00e9clinaisons<\/strong> d\u00e9j\u00e0 cr\u00e9\u00e9es<\/li>\n<li><strong>Modifier les attributs de plusieurs d\u00e9clinaisons simultan\u00e9ment<\/strong><\/li>\n<li><strong>Supprimer des attributs<\/strong> sans alt\u00e9rer le reste de la fiche produit<\/li>\n<\/ul>\n<h2>\ud83d\udca1 <strong>Ce que vos clients vont adorer<\/strong><\/h2>\n<ul>\n<li><strong>Rapidit\u00e9 &amp; efficacit\u00e9<\/strong><\/li>\n<li>Mettez \u00e0 jour vos d\u00e9clinaisons sans processus lourd ni duplication. Moins de clics, plus de r\u00e9sultats.<\/li>\n<li>Simplicit\u00e9 d\u2019utilisation<\/li>\n<li>L\u2019interface intuitive permet une <strong>gestion souple et imm\u00e9diate des attributs<\/strong>, m\u00eame pour des catalogues complexes.<\/li>\n<li>Meilleure coh\u00e9rence des donn\u00e9es<\/li>\n<li>Moins d\u2019erreurs, plus de pr\u00e9cision : <strong>vos fiches produits restent claires et bien organis\u00e9es<\/strong>.<\/li>\n<\/ul>\n<h2><strong>Exp\u00e9rience fluide<\/strong><\/h2>\n<p>Toutes vos modifications sont prises en compte sans pertes de donn\u00e9es, pour une gestion continue et fiable.<\/p>\n<h2><strong>Vid\u00e9o<\/strong><\/h2>\n<p><iframe loading=\"lazy\" title=\"YouTube video player\" src=\"https:\/\/www.youtube.com\/embed\/oKYII4nCgBI?si=RwNNQ22zbRCDC-iG\" width=\"100%\" height=\"600px\" frameborder=\"0\" allowfullscreen=\"allowfullscreen\"><\/iframe><\/p>\n<p><a class=\"button button_full_width button_theme\" href=\"https:\/\/www.lappstar.com\/en\/documentation\/modules-prestashop\/lappstarvariationspro-gestion-des-attributs-de-declinaisons-de-produits-sur-prestashop\/\">Documentation du module<\/a><\/p>","protected":false},"excerpt":{"rendered":"<h2>\ud83e\udde9 <strong>En bref<\/strong><\/h2>\n<p>G\u00e9rez les <strong>attributs de vos d\u00e9clinaisons produits<\/strong> en toute simplicit\u00e9, sans avoir \u00e0 repartir de z\u00e9ro. <strong>\u00c9conomisez un temps pr\u00e9cieux<\/strong> et gardez un catalogue organis\u00e9 et coh\u00e9rent.<\/p>\n<h2>\ud83d\udee0\ufe0f <strong>Description<\/strong><\/h2>\n<p>Ce <strong>module Prestashop<\/strong> offre une <strong>gestion intelligente et rapide des attributs produits<\/strong>. <strong>Modifiez, enrichissez ou ajustez vos d\u00e9clinaisons existantes sans avoir \u00e0 les supprimer ou les recr\u00e9er<\/strong>. Il s&rsquo;agit d&rsquo;une solution id\u00e9ale pour les e-commer\u00e7ants qui veulent gagner en efficacit\u00e9 et conserver un catalogue produit parfaitement structur\u00e9.<\/p>\n<h2>\u2705 <strong>Avantages cl\u00e9s<\/strong><\/h2>\n<ul>\n<li>Gestion simplifi\u00e9e des d\u00e9clinaisons produits<\/li>\n<li>Gain de temps significatif lors des mises \u00e0 jour<\/li>\n<li>Catalogue toujours \u00e0 jour, sans doublons ni manipulations inutiles<\/li>\n<li>Contr\u00f4le total sur les attributs et variations<\/li>\n<\/ul>\n<h2>\u2699\ufe0f <strong>Fonctionnalit\u00e9s principales<\/strong><\/h2>\n<ul>\n<li>Ajouter un ou plusieurs attributs \u00e0 des <strong>d\u00e9clinaisons<\/strong> d\u00e9j\u00e0 cr\u00e9\u00e9es<\/li>\n<li><strong>Modifier les attributs de plusieurs d\u00e9clinaisons simultan\u00e9ment<\/strong><\/li>\n<li><strong>Supprimer des attributs<\/strong> sans alt\u00e9rer le reste de la fiche produit<\/li>\n<\/ul>\n<h2>\ud83d\udca1 <strong>Ce que vos clients vont adorer<\/strong><\/h2>\n<ul>\n<li><strong>Rapidit\u00e9 &amp; efficacit\u00e9<\/strong><\/li>\n<li>Mettez \u00e0 jour vos d\u00e9clinaisons sans processus lourd ni duplication. Moins de clics, plus de r\u00e9sultats.<\/li>\n<li>Simplicit\u00e9 d\u2019utilisation<\/li>\n<li>L\u2019interface intuitive permet une <strong>gestion souple et imm\u00e9diate des attributs<\/strong>, m\u00eame pour des catalogues complexes.<\/li>\n<li>Meilleure coh\u00e9rence des donn\u00e9es<\/li>\n<li>Moins d\u2019erreurs, plus de pr\u00e9cision : <strong>vos fiches produits restent claires et bien organis\u00e9es<\/strong>.<\/li>\n<\/ul>\n<h2><strong>Exp\u00e9rience fluide<\/strong><\/h2>\n<p>Toutes vos modifications sont prises en compte sans pertes de donn\u00e9es, pour une gestion continue et fiable.<\/p>\n<h2><strong>Vid\u00e9o<\/strong><\/h2>\n<p><iframe loading=\"lazy\" title=\"YouTube video player\" src=\"https:\/\/www.youtube.com\/embed\/oKYII4nCgBI?si=RwNNQ22zbRCDC-iG\" width=\"100%\" height=\"600px\" frameborder=\"0\" allowfullscreen=\"allowfullscreen\"><\/iframe><\/p>\n<p><a class=\"button button_full_width button_theme\" href=\"https:\/\/www.lappstar.com\/en\/documentation\/modules-prestashop\/lappstarvariationspro-gestion-des-attributs-de-declinaisons-de-produits-sur-prestashop\/\">Documentation du module<\/a><\/p>","protected":false},"featured_media":584,"comment_status":"open","ping_status":"closed","template":"","meta":[],"product_brand":[],"product_cat":[128],"product_tag":[],"class_list":{"0":"post-540","1":"product","2":"type-product","3":"status-publish","4":"has-post-thumbnail","6":"product_cat-modules-prestashop","8":"first","9":"instock","10":"taxable","11":"shipping-taxable","12":"product-type-external"},"yoast_head":"<!-- This site is optimized with the Yoast SEO plugin v26.9 - https:\/\/yoast.com\/product\/yoast-seo-wordpress\/ -->\n<title>Gestion avanc\u00e9e des attributs de d\u00e9clinaisons | Module Prestashop<\/title>\n<meta name=\"description\" content=\"Modifiez, ajoutez ou supprimez les attributs de vos d\u00e9clinaisons produits Prestashop sans recr\u00e9er de fiches. Gagnez en flexibilit\u00e9 et en temps.\" \/>\n<meta name=\"robots\" content=\"index, follow, max-snippet:-1, max-image-preview:large, max-video-preview:-1\" \/>\n<link rel=\"canonical\" href=\"https:\/\/www.lappstar.com\/en\/product\/module-attributs-declinaisons-prestashop\/\" \/>\n<meta property=\"og:locale\" content=\"en_GB\" \/>\n<meta property=\"og:type\" content=\"article\" \/>\n<meta property=\"og:title\" content=\"Gestion avanc\u00e9e des attributs de d\u00e9clinaisons | Module Prestashop\" \/>\n<meta property=\"og:description\" content=\"Modifiez, ajoutez ou supprimez les attributs de vos d\u00e9clinaisons produits Prestashop sans recr\u00e9er de fiches. Gagnez en flexibilit\u00e9 et en temps.\" \/>\n<meta property=\"og:url\" content=\"https:\/\/www.lappstar.com\/en\/product\/module-attributs-declinaisons-prestashop\/\" \/>\n<meta property=\"og:site_name\" content=\"Lappstar |\u00a0Sp\u00e9cialiste Prestashop et WordPress, Lappstar cr\u00e9e des solutions web personnalis\u00e9es : modules, sites e-commerce, vitrine ou connecteurs CRM.\" \/>\n<meta property=\"article:modified_time\" content=\"2026-03-07T05:47:46+00:00\" \/>\n<meta property=\"og:image\" content=\"https:\/\/www.lappstar.com\/wp-content\/uploads\/2024\/04\/logo-full-prestashop-variationsattributes.png\" \/>\n\t<meta property=\"og:image:width\" content=\"1200\" \/>\n\t<meta property=\"og:image:height\" content=\"1200\" \/>\n\t<meta property=\"og:image:type\" content=\"image\/png\" \/>\n<meta name=\"twitter:card\" content=\"summary_large_image\" \/>\n<meta name=\"twitter:label1\" content=\"Estimated reading time\" \/>\n\t<meta name=\"twitter:data1\" content=\"2 minutes\" \/>\n<script type=\"application\/ld+json\" class=\"yoast-schema-graph\">{\"@context\":\"https:\/\/schema.org\",\"@graph\":[{\"@type\":\"WebPage\",\"@id\":\"https:\/\/www.lappstar.com\/produit\/module-attributs-declinaisons-prestashop\/\",\"url\":\"https:\/\/www.lappstar.com\/produit\/module-attributs-declinaisons-prestashop\/\",\"name\":\"Gestion avanc\u00e9e des attributs de d\u00e9clinaisons | Module Prestashop\",\"isPartOf\":{\"@id\":\"https:\/\/www.lappstar.com\/#website\"},\"primaryImageOfPage\":{\"@id\":\"https:\/\/www.lappstar.com\/produit\/module-attributs-declinaisons-prestashop\/#primaryimage\"},\"image\":{\"@id\":\"https:\/\/www.lappstar.com\/produit\/module-attributs-declinaisons-prestashop\/#primaryimage\"},\"thumbnailUrl\":\"https:\/\/www.lappstar.com\/wp-content\/uploads\/2024\/04\/logo-full-prestashop-variationsattributes.png\",\"datePublished\":\"2024-04-23T15:29:11+00:00\",\"dateModified\":\"2026-03-07T05:47:46+00:00\",\"description\":\"Modifiez, ajoutez ou supprimez les attributs de vos d\u00e9clinaisons produits Prestashop sans recr\u00e9er de fiches. Gagnez en flexibilit\u00e9 et en temps.\",\"breadcrumb\":{\"@id\":\"https:\/\/www.lappstar.com\/produit\/module-attributs-declinaisons-prestashop\/#breadcrumb\"},\"inLanguage\":\"en-GB\",\"potentialAction\":[{\"@type\":\"ReadAction\",\"target\":[\"https:\/\/www.lappstar.com\/produit\/module-attributs-declinaisons-prestashop\/\"]}]},{\"@type\":\"ImageObject\",\"inLanguage\":\"en-GB\",\"@id\":\"https:\/\/www.lappstar.com\/produit\/module-attributs-declinaisons-prestashop\/#primaryimage\",\"url\":\"https:\/\/www.lappstar.com\/wp-content\/uploads\/2024\/04\/logo-full-prestashop-variationsattributes.png\",\"contentUrl\":\"https:\/\/www.lappstar.com\/wp-content\/uploads\/2024\/04\/logo-full-prestashop-variationsattributes.png\",\"width\":1200,\"height\":1200,\"caption\":\"Gestion des attributs de produits avec d\u00e9clinaison Prestashop\"},{\"@type\":\"BreadcrumbList\",\"@id\":\"https:\/\/www.lappstar.com\/produit\/module-attributs-declinaisons-prestashop\/#breadcrumb\",\"itemListElement\":[{\"@type\":\"ListItem\",\"position\":1,\"name\":\"Home\",\"item\":\"https:\/\/www.lappstar.com\/\"},{\"@type\":\"ListItem\",\"position\":2,\"name\":\"Shop\",\"item\":\"https:\/\/www.lappstar.com\/en\/shop\/\"},{\"@type\":\"ListItem\",\"position\":3,\"name\":\"Module de gestion avanc\u00e9e des attributs pour d\u00e9clinaisons Prestashop\"}]},{\"@type\":\"WebSite\",\"@id\":\"https:\/\/www.lappstar.com\/#website\",\"url\":\"https:\/\/www.lappstar.com\/\",\"name\":\"Sp\u00e9cialiste Prestashop & WordPress \u2013 D\u00e9veloppement sur-mesure\",\"description\":\"\",\"publisher\":{\"@id\":\"https:\/\/www.lappstar.com\/#organization\"},\"potentialAction\":[{\"@type\":\"SearchAction\",\"target\":{\"@type\":\"EntryPoint\",\"urlTemplate\":\"https:\/\/www.lappstar.com\/?s={search_term_string}\"},\"query-input\":{\"@type\":\"PropertyValueSpecification\",\"valueRequired\":true,\"valueName\":\"search_term_string\"}}],\"inLanguage\":\"en-GB\"},{\"@type\":\"Organization\",\"@id\":\"https:\/\/www.lappstar.com\/#organization\",\"name\":\"Lappstar\",\"url\":\"https:\/\/www.lappstar.com\/\",\"logo\":{\"@type\":\"ImageObject\",\"inLanguage\":\"en-GB\",\"@id\":\"https:\/\/www.lappstar.com\/#\/schema\/logo\/image\/\",\"url\":\"https:\/\/www.lappstar.com\/wp-content\/uploads\/2023\/05\/logo-lappstar-ori.png\",\"contentUrl\":\"https:\/\/www.lappstar.com\/wp-content\/uploads\/2023\/05\/logo-lappstar-ori.png\",\"width\":250,\"height\":78,\"caption\":\"Lappstar\"},\"image\":{\"@id\":\"https:\/\/www.lappstar.com\/#\/schema\/logo\/image\/\"}}]}<\/script>\n<!-- \/ Yoast SEO plugin. -->","yoast_head_json":{"title":"Gestion avanc\u00e9e des attributs de d\u00e9clinaisons | Module Prestashop","description":"Modifiez, ajoutez ou supprimez les attributs de vos d\u00e9clinaisons produits Prestashop sans recr\u00e9er de fiches. Gagnez en flexibilit\u00e9 et en temps.","robots":{"index":"index","follow":"follow","max-snippet":"max-snippet:-1","max-image-preview":"max-image-preview:large","max-video-preview":"max-video-preview:-1"},"canonical":"https:\/\/www.lappstar.com\/en\/product\/module-attributs-declinaisons-prestashop\/","og_locale":"en_GB","og_type":"article","og_title":"Gestion avanc\u00e9e des attributs de d\u00e9clinaisons | Module Prestashop","og_description":"Modifiez, ajoutez ou supprimez les attributs de vos d\u00e9clinaisons produits Prestashop sans recr\u00e9er de fiches. Gagnez en flexibilit\u00e9 et en temps.","og_url":"https:\/\/www.lappstar.com\/en\/product\/module-attributs-declinaisons-prestashop\/","og_site_name":"Lappstar |\u00a0Sp\u00e9cialiste Prestashop et WordPress, Lappstar cr\u00e9e des solutions web personnalis\u00e9es : modules, sites e-commerce, vitrine ou connecteurs CRM.","article_modified_time":"2026-03-07T05:47:46+00:00","og_image":[{"width":1200,"height":1200,"url":"https:\/\/www.lappstar.com\/wp-content\/uploads\/2024\/04\/logo-full-prestashop-variationsattributes.png","type":"image\/png"}],"twitter_card":"summary_large_image","twitter_misc":{"Estimated reading time":"2 minutes"},"schema":{"@context":"https:\/\/schema.org","@graph":[{"@type":"WebPage","@id":"https:\/\/www.lappstar.com\/produit\/module-attributs-declinaisons-prestashop\/","url":"https:\/\/www.lappstar.com\/produit\/module-attributs-declinaisons-prestashop\/","name":"Gestion avanc\u00e9e des attributs de d\u00e9clinaisons | Module Prestashop","isPartOf":{"@id":"https:\/\/www.lappstar.com\/#website"},"primaryImageOfPage":{"@id":"https:\/\/www.lappstar.com\/produit\/module-attributs-declinaisons-prestashop\/#primaryimage"},"image":{"@id":"https:\/\/www.lappstar.com\/produit\/module-attributs-declinaisons-prestashop\/#primaryimage"},"thumbnailUrl":"https:\/\/www.lappstar.com\/wp-content\/uploads\/2024\/04\/logo-full-prestashop-variationsattributes.png","datePublished":"2024-04-23T15:29:11+00:00","dateModified":"2026-03-07T05:47:46+00:00","description":"Modifiez, ajoutez ou supprimez les attributs de vos d\u00e9clinaisons produits Prestashop sans recr\u00e9er de fiches. Gagnez en flexibilit\u00e9 et en temps.","breadcrumb":{"@id":"https:\/\/www.lappstar.com\/produit\/module-attributs-declinaisons-prestashop\/#breadcrumb"},"inLanguage":"en-GB","potentialAction":[{"@type":"ReadAction","target":["https:\/\/www.lappstar.com\/produit\/module-attributs-declinaisons-prestashop\/"]}]},{"@type":"ImageObject","inLanguage":"en-GB","@id":"https:\/\/www.lappstar.com\/produit\/module-attributs-declinaisons-prestashop\/#primaryimage","url":"https:\/\/www.lappstar.com\/wp-content\/uploads\/2024\/04\/logo-full-prestashop-variationsattributes.png","contentUrl":"https:\/\/www.lappstar.com\/wp-content\/uploads\/2024\/04\/logo-full-prestashop-variationsattributes.png","width":1200,"height":1200,"caption":"Gestion des attributs de produits avec d\u00e9clinaison Prestashop"},{"@type":"BreadcrumbList","@id":"https:\/\/www.lappstar.com\/produit\/module-attributs-declinaisons-prestashop\/#breadcrumb","itemListElement":[{"@type":"ListItem","position":1,"name":"Home","item":"https:\/\/www.lappstar.com\/"},{"@type":"ListItem","position":2,"name":"Shop","item":"https:\/\/www.lappstar.com\/en\/shop\/"},{"@type":"ListItem","position":3,"name":"Module de gestion avanc\u00e9e des attributs pour d\u00e9clinaisons Prestashop"}]},{"@type":"WebSite","@id":"https:\/\/www.lappstar.com\/#website","url":"https:\/\/www.lappstar.com\/","name":"Sp\u00e9cialiste Prestashop & WordPress \u2013 D\u00e9veloppement sur-mesure","description":"","publisher":{"@id":"https:\/\/www.lappstar.com\/#organization"},"potentialAction":[{"@type":"SearchAction","target":{"@type":"EntryPoint","urlTemplate":"https:\/\/www.lappstar.com\/?s={search_term_string}"},"query-input":{"@type":"PropertyValueSpecification","valueRequired":true,"valueName":"search_term_string"}}],"inLanguage":"en-GB"},{"@type":"Organization","@id":"https:\/\/www.lappstar.com\/#organization","name":"Lappstar","url":"https:\/\/www.lappstar.com\/","logo":{"@type":"ImageObject","inLanguage":"en-GB","@id":"https:\/\/www.lappstar.com\/#\/schema\/logo\/image\/","url":"https:\/\/www.lappstar.com\/wp-content\/uploads\/2023\/05\/logo-lappstar-ori.png","contentUrl":"https:\/\/www.lappstar.com\/wp-content\/uploads\/2023\/05\/logo-lappstar-ori.png","width":250,"height":78,"caption":"Lappstar"},"image":{"@id":"https:\/\/www.lappstar.com\/#\/schema\/logo\/image\/"}}]}},"_links":{"self":[{"href":"https:\/\/www.lappstar.com\/en\/wp-json\/wp\/v2\/product\/540","targetHints":{"allow":["GET"]}}],"collection":[{"href":"https:\/\/www.lappstar.com\/en\/wp-json\/wp\/v2\/product"}],"about":[{"href":"https:\/\/www.lappstar.com\/en\/wp-json\/wp\/v2\/types\/product"}],"replies":[{"embeddable":true,"href":"https:\/\/www.lappstar.com\/en\/wp-json\/wp\/v2\/comments?post=540"}],"wp:featuredmedia":[{"embeddable":true,"href":"https:\/\/www.lappstar.com\/en\/wp-json\/wp\/v2\/media\/584"}],"wp:attachment":[{"href":"https:\/\/www.lappstar.com\/en\/wp-json\/wp\/v2\/media?parent=540"}],"wp:term":[{"taxonomy":"product_brand","embeddable":true,"href":"https:\/\/www.lappstar.com\/en\/wp-json\/wp\/v2\/product_brand?post=540"},{"taxonomy":"product_cat","embeddable":true,"href":"https:\/\/www.lappstar.com\/en\/wp-json\/wp\/v2\/product_cat?post=540"},{"taxonomy":"product_tag","embeddable":true,"href":"https:\/\/www.lappstar.com\/en\/wp-json\/wp\/v2\/product_tag?post=540"}],"curies":[{"name":"wp","href":"https:\/\/api.w.org\/{rel}","templated":true}]}}