{"id":634,"date":"2025-04-28T15:52:52","date_gmt":"2025-04-28T13:52:52","guid":{"rendered":"https:\/\/www.lappstar.com\/?post_type=product&#038;p=634"},"modified":"2025-06-06T23:47:25","modified_gmt":"2025-06-06T21:47:25","slug":"module-recherche-avancee-prestashop-profinder","status":"publish","type":"product","link":"https:\/\/www.lappstar.com\/en\/product\/module-recherche-avancee-prestashop-profinder\/","title":{"rendered":"High-performance and error-tolerant PrestaShop search \u2013 Accurate results and dynamic product filters"},"content":{"rendered":"<h2><strong>Profinder : Transformez la Recherche sur PrestaShop en Machine \u00e0 Conversions \ud83d\ude80<\/strong><\/h2>\n<p>Offrez une exp\u00e9rience de <strong>recherche sans \u00e9gale gr\u00e2ce au module Advanced Search \u2013 Profinder<\/strong>, la solution multilingue intelligente <strong>con\u00e7ue pour booster l&rsquo;engagement, la satisfaction<\/strong>\u2026 et vos ventes.<\/p>\n<h2><strong>\ud83d\udd0e Recherche rapide, pertinente et intuitive<\/strong><\/h2>\n<p><strong>Avec sa navigation \u00e0 facettes et son classement intelligent des r\u00e9sultats<\/strong>, Profinder permet \u00e0 vos visiteurs de trouver exactement ce qu\u2019ils cherchent en quelques clics. Fini les recherches fastidieuses : place \u00e0 une navigation fluide, intuitive et agr\u00e9able. <strong>R\u00e9sultat ? Moins de frictions, plus de pages vues, et un taux de conversion qui explose !<\/strong><\/p>\n<h2><strong>\ud83d\udcf1 Une exp\u00e9rience mobile first et fluide<\/strong><\/h2>\n<p>Le design \u00e9l\u00e9gant, responsive et 100 % optimis\u00e9 mobile garantit une navigation ultra-efficace sur tous les supports.<\/p>\n<h2><strong>\u2728 Activez Profinder et laissez op\u00e9rer la magie :<\/strong><\/h2>\n<ol>\n<li>Le syst\u00e8me <strong>commence par une recherche exacte<\/strong>.<\/li>\n<li>Il <strong>\u00e9largit ensuite les r\u00e9sultats \u00e0 des suggestions pertinentes<\/strong> comme la gestion des mots au pluriel, au singulier.<\/li>\n<li>Enfin, il <strong>prend en compte les fautes d\u2019orthographe<\/strong> pour ne rien laisser au hasard.<\/li>\n<\/ol>\n<h2><strong>Pourquoi int\u00e9grer Advanced Search \u2013 Profinder \u00e0 votre boutique PrestaShop ?<\/strong><\/h2>\n<p><strong><u>Augmentez vos ventes imm\u00e9diatement<\/u><\/strong><br \/>\nUne recherche rapide = plus d\u2019achats. Profinder am\u00e9liore :<\/p>\n<ul>\n<li><strong>Le taux de conversion<\/strong><\/li>\n<li><strong>Le panier moyen<\/strong> (gr\u00e2ce aux filtres intelligents)<\/li>\n<li>Le <strong>nombre de pages vues<\/strong> (parcours de navigation optimis\u00e9)<\/li>\n<\/ul>\n<p><strong><u>Mettez en avant toute la richesse de votre catalogue<\/u><\/strong><\/p>\n<p>Un moteur de recherche performant ne se contente pas d\u2019afficher des r\u00e9sultats : il valorise la richesse de votre offre :<\/p>\n<ul>\n<li><strong>Mettez en avant vos produits<\/strong> saisonniers, best-sellers ou produits en stock<\/li>\n<li><strong>Activez la recherche par attributs<\/strong> (couleur, taille, mati\u00e8re\u2026)<\/li>\n<li>G\u00e9rez <strong>synonymes<\/strong>, <strong>pluriels<\/strong>, variantes pour maximiser les correspondances<\/li>\n<\/ul>\n<p><strong><u>Transformez votre barre de recherche en assistant d&rsquo;achat<\/u><\/strong><br \/>\nGr\u00e2ce \u00e0 Profinder, le champ de recherche devient un v\u00e9ritable <strong>conseiller personnalis\u00e9<\/strong>, <strong>connectant l\u2019intention du client au bon produit en un \u00e9clair<\/strong>, tout en vous offrant des donn\u00e9es strat\u00e9giques sur vos visiteurs, clients.<\/p>\n<h2><strong>Des fonctionnalit\u00e9s avanc\u00e9es, pens\u00e9es pour convertir \ud83c\udfaf<\/strong><\/h2>\n<ul>\n<li><strong>Navigation \u00e0 facettes performante<\/strong> : filtres par prix, attributs, marques, fournisseurs.<\/li>\n<li><strong>Recherche rapide<\/strong> avec vue personnalis\u00e9e (simple ou \u00e9tendue).<\/li>\n<li><strong>Affichage enrichi des r\u00e9sultats<\/strong> (cat\u00e9gories, marques, fournisseurs).<\/li>\n<li><strong>Contr\u00f4le total<\/strong> sur la pagination, l&rsquo;affichage du nombre de produits, et la position de la barre de recherche (gr\u00e2ce au syst\u00e8me de hook).<\/li>\n<li><strong>Optimisation SEO<\/strong> native pour valoriser vos pages de r\u00e9sultats.<\/li>\n<\/ul>\n<h2><strong>Avec Advanced Search \u2013 Profinder, transformez chaque recherche en vente.<\/strong><\/h2>\n<ul>\n<li><strong>Boostez votre visibilit\u00e9<\/strong><\/li>\n<li>Offrez une <strong>exp\u00e9rience utilisateur premium<\/strong><\/li>\n<li><strong>Maximisez vos conversions<\/strong> sur <strong>PrestaShop<\/strong><\/li>\n<\/ul>","protected":false},"excerpt":{"rendered":"<p>Profinder : Transformez la Recherche sur PrestaShop en Machine \u00e0 Conversions \ud83d\ude80 Offrez une exp\u00e9rience de recherche sans \u00e9gale gr\u00e2ce au module Advanced Search \u2013 Profinder,<span class=\"excerpt-hellip\"> [\u2026]<\/span><\/p>\n","protected":false},"featured_media":644,"comment_status":"open","ping_status":"closed","template":"","meta":[],"product_brand":[],"product_cat":[128],"product_tag":[],"class_list":{"0":"post-634","1":"product","2":"type-product","3":"status-publish","4":"has-post-thumbnail","6":"product_cat-modules-prestashop","8":"first","9":"instock","10":"taxable","11":"shipping-taxable","12":"product-type-external"},"yoast_head":"<!-- This site is optimized with the Yoast SEO plugin v26.9 - https:\/\/yoast.com\/product\/yoast-seo-wordpress\/ -->\n<title>Module recherche Prestashop avanc\u00e9 \u2013 Boostez vos ventes avec ProFinder<\/title>\n<meta name=\"description\" content=\"Advanced Search ProFinder est un module de recherche avanc\u00e9e pour Prestashop avec filtres intelligents et navigation \u00e0 facettes. Boostez vos conversions et offrez une exp\u00e9rience d\u2019achat fluide.\" \/>\n<meta name=\"robots\" content=\"index, follow, max-snippet:-1, max-image-preview:large, max-video-preview:-1\" \/>\n<link rel=\"canonical\" href=\"https:\/\/www.lappstar.com\/en\/product\/module-recherche-avancee-prestashop-profinder\/\" \/>\n<meta property=\"og:locale\" content=\"en_GB\" \/>\n<meta property=\"og:type\" content=\"article\" \/>\n<meta property=\"og:title\" content=\"Module recherche Prestashop avanc\u00e9 \u2013 Boostez vos ventes avec ProFinder\" \/>\n<meta property=\"og:description\" content=\"Advanced Search ProFinder est un module de recherche avanc\u00e9e pour Prestashop avec filtres intelligents et navigation \u00e0 facettes. Boostez vos conversions et offrez une exp\u00e9rience d\u2019achat fluide.\" \/>\n<meta property=\"og:url\" content=\"https:\/\/www.lappstar.com\/en\/product\/module-recherche-avancee-prestashop-profinder\/\" \/>\n<meta property=\"og:site_name\" content=\"Lappstar |\u00a0Sp\u00e9cialiste Prestashop et WordPress, Lappstar cr\u00e9e des solutions web personnalis\u00e9es : modules, sites e-commerce, vitrine ou connecteurs CRM.\" \/>\n<meta property=\"article:modified_time\" content=\"2025-06-06T21:47:25+00:00\" \/>\n<meta property=\"og:image\" content=\"https:\/\/www.lappstar.com\/wp-content\/uploads\/2025\/04\/logo-full-lappstaradvancedsearch.png\" \/>\n\t<meta property=\"og:image:width\" content=\"1200\" \/>\n\t<meta property=\"og:image:height\" content=\"1200\" \/>\n\t<meta property=\"og:image:type\" content=\"image\/png\" \/>\n<meta name=\"twitter:card\" content=\"summary_large_image\" \/>\n<meta name=\"twitter:label1\" content=\"Estimated reading time\" \/>\n\t<meta name=\"twitter:data1\" content=\"3 minutes\" \/>\n<script type=\"application\/ld+json\" class=\"yoast-schema-graph\">{\"@context\":\"https:\/\/schema.org\",\"@graph\":[{\"@type\":\"WebPage\",\"@id\":\"https:\/\/www.lappstar.com\/produit\/module-recherche-avancee-prestashop-profinder\/\",\"url\":\"https:\/\/www.lappstar.com\/produit\/module-recherche-avancee-prestashop-profinder\/\",\"name\":\"Module recherche Prestashop avanc\u00e9 \u2013 Boostez vos ventes avec ProFinder\",\"isPartOf\":{\"@id\":\"https:\/\/www.lappstar.com\/#website\"},\"primaryImageOfPage\":{\"@id\":\"https:\/\/www.lappstar.com\/produit\/module-recherche-avancee-prestashop-profinder\/#primaryimage\"},\"image\":{\"@id\":\"https:\/\/www.lappstar.com\/produit\/module-recherche-avancee-prestashop-profinder\/#primaryimage\"},\"thumbnailUrl\":\"https:\/\/www.lappstar.com\/wp-content\/uploads\/2025\/04\/logo-full-lappstaradvancedsearch.png\",\"datePublished\":\"2025-04-28T13:52:52+00:00\",\"dateModified\":\"2025-06-06T21:47:25+00:00\",\"description\":\"Advanced Search ProFinder est un module de recherche avanc\u00e9e pour Prestashop avec filtres intelligents et navigation \u00e0 facettes. Boostez vos conversions et offrez une exp\u00e9rience d\u2019achat fluide.\",\"breadcrumb\":{\"@id\":\"https:\/\/www.lappstar.com\/produit\/module-recherche-avancee-prestashop-profinder\/#breadcrumb\"},\"inLanguage\":\"en-GB\",\"potentialAction\":[{\"@type\":\"ReadAction\",\"target\":[\"https:\/\/www.lappstar.com\/produit\/module-recherche-avancee-prestashop-profinder\/\"]}]},{\"@type\":\"ImageObject\",\"inLanguage\":\"en-GB\",\"@id\":\"https:\/\/www.lappstar.com\/produit\/module-recherche-avancee-prestashop-profinder\/#primaryimage\",\"url\":\"https:\/\/www.lappstar.com\/wp-content\/uploads\/2025\/04\/logo-full-lappstaradvancedsearch.png\",\"contentUrl\":\"https:\/\/www.lappstar.com\/wp-content\/uploads\/2025\/04\/logo-full-lappstaradvancedsearch.png\",\"width\":1200,\"height\":1200,\"caption\":\"Boostez vos conversions sur PrestaShop avec Advanced Search \u2013 Profinder 1\"},{\"@type\":\"BreadcrumbList\",\"@id\":\"https:\/\/www.lappstar.com\/produit\/module-recherche-avancee-prestashop-profinder\/#breadcrumb\",\"itemListElement\":[{\"@type\":\"ListItem\",\"position\":1,\"name\":\"Home\",\"item\":\"https:\/\/www.lappstar.com\/\"},{\"@type\":\"ListItem\",\"position\":2,\"name\":\"Shop\",\"item\":\"https:\/\/www.lappstar.com\/en\/shop\/\"},{\"@type\":\"ListItem\",\"position\":3,\"name\":\"Recherche PrestaShop performante &#038; tol\u00e9rante aux fautes \u2013 R\u00e9sultats pr\u00e9cis &#038; filtres produits dynamiques\"}]},{\"@type\":\"WebSite\",\"@id\":\"https:\/\/www.lappstar.com\/#website\",\"url\":\"https:\/\/www.lappstar.com\/\",\"name\":\"Sp\u00e9cialiste Prestashop & WordPress \u2013 D\u00e9veloppement sur-mesure\",\"description\":\"\",\"publisher\":{\"@id\":\"https:\/\/www.lappstar.com\/#organization\"},\"potentialAction\":[{\"@type\":\"SearchAction\",\"target\":{\"@type\":\"EntryPoint\",\"urlTemplate\":\"https:\/\/www.lappstar.com\/?s={search_term_string}\"},\"query-input\":{\"@type\":\"PropertyValueSpecification\",\"valueRequired\":true,\"valueName\":\"search_term_string\"}}],\"inLanguage\":\"en-GB\"},{\"@type\":\"Organization\",\"@id\":\"https:\/\/www.lappstar.com\/#organization\",\"name\":\"Lappstar\",\"url\":\"https:\/\/www.lappstar.com\/\",\"logo\":{\"@type\":\"ImageObject\",\"inLanguage\":\"en-GB\",\"@id\":\"https:\/\/www.lappstar.com\/#\/schema\/logo\/image\/\",\"url\":\"https:\/\/www.lappstar.com\/wp-content\/uploads\/2023\/05\/logo-lappstar-ori.png\",\"contentUrl\":\"https:\/\/www.lappstar.com\/wp-content\/uploads\/2023\/05\/logo-lappstar-ori.png\",\"width\":250,\"height\":78,\"caption\":\"Lappstar\"},\"image\":{\"@id\":\"https:\/\/www.lappstar.com\/#\/schema\/logo\/image\/\"}}]}<\/script>\n<!-- \/ Yoast SEO plugin. -->","yoast_head_json":{"title":"Module recherche Prestashop avanc\u00e9 \u2013 Boostez vos ventes avec ProFinder","description":"Advanced Search ProFinder est un module de recherche avanc\u00e9e pour Prestashop avec filtres intelligents et navigation \u00e0 facettes. Boostez vos conversions et offrez une exp\u00e9rience d\u2019achat fluide.","robots":{"index":"index","follow":"follow","max-snippet":"max-snippet:-1","max-image-preview":"max-image-preview:large","max-video-preview":"max-video-preview:-1"},"canonical":"https:\/\/www.lappstar.com\/en\/product\/module-recherche-avancee-prestashop-profinder\/","og_locale":"en_GB","og_type":"article","og_title":"Module recherche Prestashop avanc\u00e9 \u2013 Boostez vos ventes avec ProFinder","og_description":"Advanced Search ProFinder est un module de recherche avanc\u00e9e pour Prestashop avec filtres intelligents et navigation \u00e0 facettes. Boostez vos conversions et offrez une exp\u00e9rience d\u2019achat fluide.","og_url":"https:\/\/www.lappstar.com\/en\/product\/module-recherche-avancee-prestashop-profinder\/","og_site_name":"Lappstar |\u00a0Sp\u00e9cialiste Prestashop et WordPress, Lappstar cr\u00e9e des solutions web personnalis\u00e9es : modules, sites e-commerce, vitrine ou connecteurs CRM.","article_modified_time":"2025-06-06T21:47:25+00:00","og_image":[{"width":1200,"height":1200,"url":"https:\/\/www.lappstar.com\/wp-content\/uploads\/2025\/04\/logo-full-lappstaradvancedsearch.png","type":"image\/png"}],"twitter_card":"summary_large_image","twitter_misc":{"Estimated reading time":"3 minutes"},"schema":{"@context":"https:\/\/schema.org","@graph":[{"@type":"WebPage","@id":"https:\/\/www.lappstar.com\/produit\/module-recherche-avancee-prestashop-profinder\/","url":"https:\/\/www.lappstar.com\/produit\/module-recherche-avancee-prestashop-profinder\/","name":"Module recherche Prestashop avanc\u00e9 \u2013 Boostez vos ventes avec ProFinder","isPartOf":{"@id":"https:\/\/www.lappstar.com\/#website"},"primaryImageOfPage":{"@id":"https:\/\/www.lappstar.com\/produit\/module-recherche-avancee-prestashop-profinder\/#primaryimage"},"image":{"@id":"https:\/\/www.lappstar.com\/produit\/module-recherche-avancee-prestashop-profinder\/#primaryimage"},"thumbnailUrl":"https:\/\/www.lappstar.com\/wp-content\/uploads\/2025\/04\/logo-full-lappstaradvancedsearch.png","datePublished":"2025-04-28T13:52:52+00:00","dateModified":"2025-06-06T21:47:25+00:00","description":"Advanced Search ProFinder est un module de recherche avanc\u00e9e pour Prestashop avec filtres intelligents et navigation \u00e0 facettes. Boostez vos conversions et offrez une exp\u00e9rience d\u2019achat fluide.","breadcrumb":{"@id":"https:\/\/www.lappstar.com\/produit\/module-recherche-avancee-prestashop-profinder\/#breadcrumb"},"inLanguage":"en-GB","potentialAction":[{"@type":"ReadAction","target":["https:\/\/www.lappstar.com\/produit\/module-recherche-avancee-prestashop-profinder\/"]}]},{"@type":"ImageObject","inLanguage":"en-GB","@id":"https:\/\/www.lappstar.com\/produit\/module-recherche-avancee-prestashop-profinder\/#primaryimage","url":"https:\/\/www.lappstar.com\/wp-content\/uploads\/2025\/04\/logo-full-lappstaradvancedsearch.png","contentUrl":"https:\/\/www.lappstar.com\/wp-content\/uploads\/2025\/04\/logo-full-lappstaradvancedsearch.png","width":1200,"height":1200,"caption":"Boostez vos conversions sur PrestaShop avec Advanced Search \u2013 Profinder 1"},{"@type":"BreadcrumbList","@id":"https:\/\/www.lappstar.com\/produit\/module-recherche-avancee-prestashop-profinder\/#breadcrumb","itemListElement":[{"@type":"ListItem","position":1,"name":"Home","item":"https:\/\/www.lappstar.com\/"},{"@type":"ListItem","position":2,"name":"Shop","item":"https:\/\/www.lappstar.com\/en\/shop\/"},{"@type":"ListItem","position":3,"name":"Recherche PrestaShop performante &#038; tol\u00e9rante aux fautes \u2013 R\u00e9sultats pr\u00e9cis &#038; filtres produits dynamiques"}]},{"@type":"WebSite","@id":"https:\/\/www.lappstar.com\/#website","url":"https:\/\/www.lappstar.com\/","name":"Sp\u00e9cialiste Prestashop & WordPress \u2013 D\u00e9veloppement sur-mesure","description":"","publisher":{"@id":"https:\/\/www.lappstar.com\/#organization"},"potentialAction":[{"@type":"SearchAction","target":{"@type":"EntryPoint","urlTemplate":"https:\/\/www.lappstar.com\/?s={search_term_string}"},"query-input":{"@type":"PropertyValueSpecification","valueRequired":true,"valueName":"search_term_string"}}],"inLanguage":"en-GB"},{"@type":"Organization","@id":"https:\/\/www.lappstar.com\/#organization","name":"Lappstar","url":"https:\/\/www.lappstar.com\/","logo":{"@type":"ImageObject","inLanguage":"en-GB","@id":"https:\/\/www.lappstar.com\/#\/schema\/logo\/image\/","url":"https:\/\/www.lappstar.com\/wp-content\/uploads\/2023\/05\/logo-lappstar-ori.png","contentUrl":"https:\/\/www.lappstar.com\/wp-content\/uploads\/2023\/05\/logo-lappstar-ori.png","width":250,"height":78,"caption":"Lappstar"},"image":{"@id":"https:\/\/www.lappstar.com\/#\/schema\/logo\/image\/"}}]}},"_links":{"self":[{"href":"https:\/\/www.lappstar.com\/en\/wp-json\/wp\/v2\/product\/634","targetHints":{"allow":["GET"]}}],"collection":[{"href":"https:\/\/www.lappstar.com\/en\/wp-json\/wp\/v2\/product"}],"about":[{"href":"https:\/\/www.lappstar.com\/en\/wp-json\/wp\/v2\/types\/product"}],"replies":[{"embeddable":true,"href":"https:\/\/www.lappstar.com\/en\/wp-json\/wp\/v2\/comments?post=634"}],"wp:featuredmedia":[{"embeddable":true,"href":"https:\/\/www.lappstar.com\/en\/wp-json\/wp\/v2\/media\/644"}],"wp:attachment":[{"href":"https:\/\/www.lappstar.com\/en\/wp-json\/wp\/v2\/media?parent=634"}],"wp:term":[{"taxonomy":"product_brand","embeddable":true,"href":"https:\/\/www.lappstar.com\/en\/wp-json\/wp\/v2\/product_brand?post=634"},{"taxonomy":"product_cat","embeddable":true,"href":"https:\/\/www.lappstar.com\/en\/wp-json\/wp\/v2\/product_cat?post=634"},{"taxonomy":"product_tag","embeddable":true,"href":"https:\/\/www.lappstar.com\/en\/wp-json\/wp\/v2\/product_tag?post=634"}],"curies":[{"name":"wp","href":"https:\/\/api.w.org\/{rel}","templated":true}]}}